{"id":348,"date":"2023-12-27T01:29:19","date_gmt":"2023-12-27T01:29:19","guid":{"rendered":"https:\/\/onvif.uk\/?post_type=product&#038;p=348"},"modified":"2024-09-13T21:50:33","modified_gmt":"2024-09-13T20:50:33","slug":"new-model-camhi-5mp-home-wireless-security-ip-video-surveillance-system-cctv-wifi-camera-with-two-way-audio-2","status":"publish","type":"product","link":"https:\/\/onvif.uk\/index.php\/product\/new-model-camhi-5mp-home-wireless-security-ip-video-surveillance-system-cctv-wifi-camera-with-two-way-audio-2\/","title":{"rendered":"*NEW MODEL* CamHi 5MP Home Wireless Security IP Video Surveillance System CCTV WiFi Camera with two way audio"},"content":{"rendered":"<div class=\"detail-decorate-json-renderer-container\">\n<div class=\"magic-5\">\n<div class=\"magic-9\">\n<div class=\"magic-10\">\n<div class=\"magic-11\" data-id=\"paragraph0\">\n<p class=\"magic-12\"><span style=\"font-family: Arial; font-size: large;\">Specification<\/span><\/p>\n<\/div>\n<\/div>\n<\/div>\n<\/div>\n<\/div>\n<div class=\"ife-detail-decorate-table\">\n<table class=\"has-title all magic-14\">\n<tbody>\n<tr>\n<td colspan=\"2\" rowspan=\"1\">\n<div class=\"magic-15\"><span style=\"font-family: Arial; font-size: large;\">Model<\/span><\/div>\n<\/td>\n<td colspan=\"1\" rowspan=\"1\">\n<div class=\"magic-18\"><span style=\"font-family: Arial; font-size: large;\">B19W<\/span><\/div>\n<\/td>\n<\/tr>\n<tr>\n<td colspan=\"1\" rowspan=\"6\">\n<div class=\"magic-19\">\n<div class=\"magic-20\"><span style=\"font-family: Arial; font-size: large;\">\u00a0<\/span><\/div>\n<div class=\"magic-20\"><span style=\"font-family: Arial; font-size: large;\">\u00a0<\/span><\/div>\n<div class=\"magic-20\"><span style=\"font-family: Arial; font-size: large;\">\u00a0<\/span><\/div>\n<div class=\"magic-20\"><span style=\"font-family: Arial; font-size: large;\">\u00a0<\/span><\/div>\n<div class=\"magic-20\"><span style=\"font-family: Arial; font-size: large;\">Video<\/span><\/div>\n<\/div>\n<\/td>\n<td colspan=\"1\" rowspan=\"1\">\n<div class=\"magic-21\"><span style=\"font-family: Arial; font-size: large;\">Sensor<\/span><\/div>\n<\/td>\n<td colspan=\"1\" rowspan=\"1\">\n<div class=\"magic-18\"><span style=\"font-family: Arial; font-size: large;\" data-spm-anchor-id=\"0.0.0.i1.2f954f05fd6qYo\">5 megapixel 1\/2.8 &#8221; SONY335 low lux CMOS<\/span><\/div>\n<\/td>\n<\/tr>\n<tr>\n<td colspan=\"1\" rowspan=\"1\">\n<div class=\"magic-21\">\n<div class=\"magic-22\"><span style=\"font-family: Arial; font-size: large;\">Video resolution<\/span><\/div>\n<\/div>\n<\/td>\n<td colspan=\"1\" rowspan=\"1\">\n<div class=\"magic-18\"><span style=\"font-family: Arial; font-size: large;\">Main stream: 2560&#215;1920@18fps, 2560&#215;1440@18fps<br \/>\nSub stream: 800&#215;600\/800&#215;448@25fps, 640&#215;480\/640&#215;352@25fps<br \/>\n<\/span><\/div>\n<\/td>\n<\/tr>\n<tr>\n<td colspan=\"1\" rowspan=\"1\">\n<div class=\"magic-21\"><span style=\"font-family: Arial; font-size: large;\">Video compression<\/span><\/div>\n<\/td>\n<td colspan=\"1\" rowspan=\"1\">\n<div class=\"magic-18\"><span style=\"font-family: Arial; font-size: large;\">H.265 \/ H.264<\/span><\/div>\n<\/td>\n<\/tr>\n<tr>\n<td colspan=\"1\" rowspan=\"1\">\n<div class=\"magic-21\"><span style=\"font-family: Arial; font-size: large;\">Lens<\/span><\/div>\n<\/td>\n<td colspan=\"1\" rowspan=\"1\">\n<div class=\"magic-18\"><span style=\"font-family: Arial; font-size: large;\">2.8mm lens<br \/>\n<\/span><\/div>\n<\/td>\n<\/tr>\n<tr>\n<td colspan=\"1\" rowspan=\"1\">\n<div class=\"magic-21\"><span style=\"font-family: Arial; font-size: large;\">View angle<\/span><\/div>\n<\/td>\n<td colspan=\"1\" rowspan=\"1\">\n<div class=\"magic-18\"><span style=\"font-family: Arial; font-size: large;\">120\u00ba super wide angle<\/span><\/div>\n<\/td>\n<\/tr>\n<tr>\n<td colspan=\"1\" rowspan=\"1\">\n<div class=\"magic-21\"><span style=\"font-family: Arial; font-size: large;\">Night vision\u00a0<\/span><\/div>\n<\/td>\n<td colspan=\"1\" rowspan=\"1\">\n<div class=\"magic-18\"><span style=\"font-family: Arial; font-size: large;\">10pcs array infrared LEDs, night vision distance 25m<\/span><\/div>\n<\/td>\n<\/tr>\n<tr>\n<td colspan=\"1\" rowspan=\"3\">\n<div class=\"magic-19\">\n<div class=\"magic-20\"><span style=\"font-family: Arial; font-size: large;\">\u00a0<\/span><\/div>\n<div class=\"magic-20\"><span style=\"font-family: Arial; font-size: large;\">\u00a0<\/span><\/div>\n<div class=\"magic-20\"><span style=\"font-family: Arial; font-size: large;\">\u00a0<\/span><\/div>\n<div class=\"magic-20\"><span style=\"font-family: Arial; font-size: large;\">Alarm<\/span><\/div>\n<\/div>\n<\/td>\n<td colspan=\"1\" rowspan=\"1\">\n<div class=\"magic-21\"><span style=\"font-family: Arial; font-size: large;\">Motion detecting alarm<\/span><\/div>\n<\/td>\n<td colspan=\"1\" rowspan=\"1\">\n<div class=\"magic-18\"><span style=\"font-family: Arial; font-size: large;\">Can set 4 independent detection region (1-100 sensitivity can be set)<\/span><\/div>\n<\/td>\n<\/tr>\n<tr>\n<td colspan=\"1\" rowspan=\"1\">\n<div class=\"magic-21\">\n<div><span style=\"font-family: Arial; font-size: large;\">\u00a0<\/span><\/div>\n<div><span style=\"font-family: Arial; font-size: large;\">Alarm linkage<br \/>\n<\/span><\/div>\n<\/div>\n<\/td>\n<td colspan=\"1\" rowspan=\"1\">\n<div class=\"magic-18\"><span style=\"font-family: Arial; font-size: large;\">Alarm send pictures to the mailbox,<br \/>\nAlarm upload pictures and videos to the FTP server,<br \/>\nAlarm record pictures and videos to Micro SD card,<br \/>\nAlarm mobile phone message push<br \/>\n<\/span><\/p>\n<div data-spm-anchor-id=\"0.0.0.i15.2f954f05fd6qYo\"><span style=\"font-family: Arial; font-size: large;\">Alarm trigger sound alarm<br \/>\n<\/span><\/div>\n<\/div>\n<\/td>\n<\/tr>\n<tr>\n<td colspan=\"1\" rowspan=\"1\">\n<div class=\"magic-21\"><span style=\"font-family: Arial; font-size: large;\">Alarm recording<\/span><\/div>\n<\/td>\n<td colspan=\"1\" rowspan=\"1\">\n<div class=\"magic-18\"><span style=\"font-family: Arial; font-size: large;\">Support Micro SD card and PC client linkage alarm recording<\/span><\/div>\n<\/td>\n<\/tr>\n<tr>\n<td colspan=\"1\" rowspan=\"3\">\n<div class=\"magic-19\">\n<div class=\"magic-20\"><span style=\"font-family: Arial; font-size: large;\">\u00a0 \u00a0 \u00a0 \u00a0<\/span><\/div>\n<div class=\"magic-20\" data-spm-anchor-id=\"0.0.0.i51.2f954f05fd6qYo\"><span style=\"font-family: Arial; font-size: large;\">\u00a0 \u00a0 \u00a0Network<br \/>\n<\/span><\/div>\n<\/div>\n<\/td>\n<td colspan=\"1\" rowspan=\"1\">\n<div class=\"magic-21\"><span style=\"font-family: Arial; font-size: large;\">Wireless<\/span><\/div>\n<\/td>\n<td colspan=\"1\" rowspan=\"1\">\n<div class=\"magic-18\"><span style=\"font-family: Arial; font-size: large;\">IEEE 802.11 b\/g\/n<\/span><\/div>\n<\/td>\n<\/tr>\n<tr>\n<td colspan=\"1\" rowspan=\"1\">\n<div class=\"magic-21\"><span style=\"font-family: Arial; font-size: large;\">Ethernet<\/span><\/div>\n<\/td>\n<td colspan=\"1\" rowspan=\"1\">\n<div class=\"magic-18\"><span style=\"font-family: Arial; font-size: large;\">RJ45 Ethernet<\/span><\/div>\n<\/td>\n<\/tr>\n<tr>\n<td colspan=\"1\" rowspan=\"1\">\n<div class=\"magic-21\"><span style=\"font-family: Arial; font-size: large;\">Onvif protocol<\/span><\/div>\n<\/td>\n<td colspan=\"1\" rowspan=\"1\">\n<div class=\"magic-18\"><span style=\"font-family: Arial; font-size: large;\">Support ONVIF 2.4(backward compatible)<\/span><\/div>\n<\/td>\n<\/tr>\n<tr>\n<td colspan=\"1\" rowspan=\"3\">\n<div class=\"magic-23\">\n<div class=\"magic-20\" data-spm-anchor-id=\"0.0.0.i30.2f954f05fd6qYo\"><span style=\"font-family: Arial; font-size: large;\">\u00a0<\/span><\/div>\n<div class=\"magic-20\" data-spm-anchor-id=\"0.0.0.i27.2f954f05fd6qYo\"><span style=\"font-family: Arial; font-size: large;\">\u00a0<\/span><\/div>\n<div class=\"magic-20\" data-spm-anchor-id=\"0.0.0.i28.2f954f05fd6qYo\"><span style=\"font-family: Arial; font-size: large;\">Audio<\/span><\/div>\n<\/div>\n<\/td>\n<td colspan=\"1\" rowspan=\"1\">\n<div class=\"magic-21\"><span style=\"font-family: Arial; font-size: large;\">Audio compression<\/span><\/div>\n<\/td>\n<td colspan=\"1\" rowspan=\"1\">\n<div class=\"magic-18\"><span style=\"font-family: Arial; font-size: large;\">G.726\/G.711<\/span><\/div>\n<\/td>\n<\/tr>\n<tr>\n<td colspan=\"1\" rowspan=\"1\">\n<div class=\"magic-21\"><span style=\"font-family: Arial; font-size: large;\">Audio code rate<\/span><\/div>\n<\/td>\n<td colspan=\"1\" rowspan=\"1\">\n<div class=\"magic-18\"><span style=\"font-family: Arial; font-size: large;\">8Kbps, 16bit<br \/>\n<\/span><\/div>\n<\/td>\n<\/tr>\n<tr>\n<td colspan=\"1\" rowspan=\"1\">\n<div class=\"magic-21\"><span style=\"font-family: Arial; font-size: large;\">Audio input\/output<\/span><\/div>\n<\/td>\n<td colspan=\"1\" rowspan=\"1\">\n<div class=\"magic-18\"><span class=\"magic-24\" data-spm-anchor-id=\"0.0.0.i47.2f954f05fd6qYo\"><span style=\"font-family: Arial; font-size: large;\">Built-in MIC and speakers, support two way audio<\/span><\/span><\/div>\n<\/td>\n<\/tr>\n<tr>\n<td class=\"magic-25\" colspan=\"1\" rowspan=\"3\">\n<div class=\"magic-19\">\n<div class=\"magic-20\"><span style=\"font-family: Arial; font-size: large;\">\u00a0<\/span><\/div>\n<div class=\"magic-20\"><span style=\"font-family: Arial; font-size: large;\">\u00a0<\/span><\/div>\n<div class=\"magic-20\"><span style=\"font-family: Arial; font-size: large;\">Storage<\/span><\/div>\n<\/div>\n<\/td>\n<td colspan=\"1\" rowspan=\"1\">\n<div class=\"magic-21\"><span style=\"font-family: Arial; font-size: large;\">Micro SD card<\/span><\/div>\n<\/td>\n<td colspan=\"1\" rowspan=\"1\">\n<div class=\"magic-18\"><span style=\"font-family: Arial; font-size: large;\">Support up to 128G micro SD card, external card slot, easy to install<\/span><\/div>\n<\/td>\n<\/tr>\n<tr>\n<td colspan=\"1\" rowspan=\"1\">\n<div class=\"magic-21\"><span style=\"font-family: Arial; font-size: large;\">Recording mode<\/span><\/div>\n<\/td>\n<td colspan=\"1\" rowspan=\"1\">\n<div class=\"magic-18\"><span style=\"font-family: Arial; font-size: large;\">Alarm record, timing record,\u00a0<\/span><\/div>\n<\/td>\n<\/tr>\n<tr>\n<td colspan=\"1\" rowspan=\"1\">\n<div class=\"magic-21\"><span style=\"font-family: Arial; font-size: large;\">Video playback<\/span><\/div>\n<\/td>\n<td colspan=\"1\" rowspan=\"1\">\n<div class=\"magic-18\"><span style=\"font-family: Arial; font-size: large;\">Support APP, IE browser, remote client play and download the video<\/span><\/div>\n<\/td>\n<\/tr>\n<tr>\n<td colspan=\"1\" rowspan=\"8\">\n<div class=\"magic-19\">\n<div class=\"magic-20\"><span style=\"font-family: Arial; font-size: large;\">\u00a0<\/span><\/div>\n<div class=\"magic-20\"><span style=\"font-family: Arial; font-size: large;\">\u00a0<\/span><\/div>\n<div class=\"magic-20\"><span style=\"font-family: Arial; font-size: large;\">\u00a0<\/span><\/div>\n<div class=\"magic-20\"><span style=\"font-family: Arial; font-size: large;\">\u00a0<\/span><\/div>\n<div class=\"magic-20\"><span style=\"font-family: Arial; font-size: large;\">\u00a0<\/span><\/div>\n<div class=\"magic-20\"><span style=\"font-family: Arial; font-size: large;\">General specification<br \/>\n<\/span><\/div>\n<\/div>\n<\/td>\n<td colspan=\"1\" rowspan=\"1\">\n<div class=\"magic-21\"><span style=\"font-family: Arial; font-size: large;\">Power<\/span><\/div>\n<\/td>\n<td colspan=\"1\" rowspan=\"1\">\n<div class=\"magic-18\"><span style=\"font-family: Arial; font-size: large;\">DC12V 1A<\/span><\/div>\n<\/td>\n<\/tr>\n<tr>\n<td colspan=\"1\" rowspan=\"1\">\n<div class=\"magic-21\"><span style=\"font-family: Arial; font-size: large;\">Operating environment<\/span><\/div>\n<\/td>\n<td colspan=\"1\" rowspan=\"1\">\n<div class=\"magic-18\"><span style=\"font-family: Arial; font-size: large;\">Environment -35\u2103~+60\u2103(-4\u2109~+140\u2109),<br \/>\nHumidity 10%\uff5e90%, non-condensing<br \/>\n<\/span><\/div>\n<\/td>\n<\/tr>\n<tr>\n<td colspan=\"1\" rowspan=\"1\">\n<div class=\"magic-21\"><span style=\"font-family: Arial; font-size: large;\">Waterproof level<\/span><\/div>\n<\/td>\n<td colspan=\"1\" rowspan=\"1\">\n<div class=\"magic-18\"><span style=\"font-family: Arial; font-size: large;\">IP66 \u00a0All metal shell<\/span><\/div>\n<\/td>\n<\/tr>\n<tr>\n<td colspan=\"1\" rowspan=\"1\">\n<div class=\"magic-21\"><span style=\"font-family: Arial; font-size: large;\">Product size<\/span><\/div>\n<\/td>\n<td colspan=\"1\" rowspan=\"1\">\n<div class=\"magic-18\"><span style=\"font-family: Arial; font-size: large;\">175mm\u00d762mm\u00d766mm(L\u00d7W\u00d7H)<\/span><\/div>\n<\/td>\n<\/tr>\n<tr>\n<td colspan=\"1\" rowspan=\"1\">\n<div class=\"magic-21\"><span style=\"font-family: Arial; font-size: large;\">Product weight<\/span><\/div>\n<\/td>\n<td colspan=\"1\" rowspan=\"1\">\n<div class=\"magic-18\"><span style=\"font-family: Arial; font-size: large;\">0.35kg<\/span><\/div>\n<\/td>\n<\/tr>\n<tr>\n<td colspan=\"1\" rowspan=\"1\">\n<div class=\"magic-21\"><span style=\"font-family: Arial; font-size: large;\">Package size<\/span><\/div>\n<\/td>\n<td colspan=\"1\" rowspan=\"1\">\n<div class=\"magic-18\"><span style=\"font-family: Arial; font-size: large;\">218mmx158mmx106mm(L\u00d7W\u00d7H)<\/span><\/div>\n<\/td>\n<\/tr>\n<tr>\n<td colspan=\"1\" rowspan=\"1\">\n<div class=\"magic-21\"><span style=\"font-family: Arial; font-size: large;\">Package weight<\/span><\/div>\n<\/td>\n<td colspan=\"1\" rowspan=\"1\">\n<div class=\"magic-18\"><span style=\"font-family: Arial; font-size: large;\">0.6kg<\/span><\/div>\n<\/td>\n<\/tr>\n<tr>\n<td colspan=\"1\" rowspan=\"1\">\n<div class=\"magic-21\"><span style=\"font-family: Arial; font-size: large;\">Reset button<\/span><\/div>\n<\/td>\n<td colspan=\"1\" rowspan=\"1\">\n<div class=\"magic-18\" data-spm-anchor-id=\"a2700.wholesale.pronpeci14.i2.1deb74922BlBxP\"><span style=\"font-family: Arial; font-size: large;\">Support<\/span><\/div>\n<\/td>\n<\/tr>\n<\/tbody>\n<\/table>\n<\/div>\n<div class=\"icbu-pc-detailManyImage magic-1\" data-module-name=\"icbu-pc-detailManyImage\">\n<div class=\"magic-2\">\n<p><img decoding=\"async\" class=\"magic-3\" src=\"https:\/\/sc02.alicdn.com\/kf\/Hf702b7360b09434daf810522d498add8o\/200676204\/Hf702b7360b09434daf810522d498add8o.jpg\" \/><\/p>\n<div class=\"magic-2\">\n<p><img decoding=\"async\" class=\"magic-3\" src=\"https:\/\/sc01.alicdn.com\/kf\/H519746a4521a4509afecc03f162430551\/200676204\/H519746a4521a4509afecc03f162430551.jpg\" \/><\/p>\n<div class=\"magic-2\">\n<p><img decoding=\"async\" class=\"magic-3\" src=\"https:\/\/sc01.alicdn.com\/kf\/H80ba1284e3a54afa9ee3b64ec66cf6946\/200676204\/H80ba1284e3a54afa9ee3b64ec66cf6946.jpg\" \/><\/p>\n<div class=\"magic-2\"><img decoding=\"async\" class=\"magic-3\" src=\"https:\/\/sc01.alicdn.com\/kf\/Hcfe55e00dd91408f92e48fce3ca2f50dX\/200676204\/Hcfe55e00dd91408f92e48fce3ca2f50dX.jpg\" \/><\/div>\n<\/div>\n<\/div>\n<\/div>\n<\/div>\n<div class=\"icbu-pc-detailManyImage magic-1\" data-module-name=\"icbu-pc-detailManyImage\">\n<div class=\"magic-2\">\n<div class=\"magic-2\">\n<div class=\"magic-2\">\n<div class=\"magic-2\">\n<div class=\"detail-decorate-json-renderer-container\">\n<div class=\"magic-5\">\n<div class=\"magic-9\">\n<div class=\"magic-10\">\n<div class=\"magic-11\">\n<p class=\"magic-13\"><img decoding=\"async\" class=\"magic-3\" src=\"https:\/\/sc02.alicdn.com\/kf\/Ha73f523caa7e486cb99d8ec495ef35e9f.jpg\" \/><img decoding=\"async\" src=\"https:\/\/ae01.alicdn.com\/kf\/HTB1ris_hInI8KJjSspeq6AwIpXak.jpg\" alt=\"2-p2p\" data-spm-anchor-id=\"a2g0o.detail.1000023.i6.16652c18LCrgIy\" \/><\/p>\n<\/div>\n<\/div>\n<\/div>\n<\/div>\n<\/div>\n<\/div>\n<\/div>\n<\/div>\n<\/div>\n<\/div>\n","protected":false},"excerpt":{"rendered":"<p>Specification Model B19W \u00a0 \u00a0 \u00a0 \u00a0 Video Sensor 5 megapixel 1\/2.8 &#8221; SONY335 low lux CMOS Video resolution Main stream: 2560&#215;1920@18fps, 2560&#215;1440@18fps Sub stream: 800&#215;600\/800&#215;448@25fps, 640&#215;480\/640&#215;352@25fps Video compression H.265 \/ H.264 Lens 2.8mm lens View angle 120\u00ba super wide angle Night vision\u00a0 10pcs array infrared LEDs, night vision distance 25m \u00a0 \u00a0 \u00a0 Alarm &hellip; <\/p>\n","protected":false},"featured_media":395,"comment_status":"open","ping_status":"closed","template":"","meta":{"om_disable_all_campaigns":false,"_monsterinsights_skip_tracking":false,"_monsterinsights_sitenote_active":false,"_monsterinsights_sitenote_note":"","_monsterinsights_sitenote_category":0},"product_cat":[18],"product_tag":[],"class_list":{"0":"post-348","1":"product","2":"type-product","3":"status-publish","4":"has-post-thumbnail","6":"product_cat-cctv-cameras","8":"first","9":"instock","10":"purchasable","11":"product-type-simple"},"aioseo_notices":[],"_links":{"self":[{"href":"https:\/\/onvif.uk\/index.php\/wp-json\/wp\/v2\/product\/348","targetHints":{"allow":["GET"]}}],"collection":[{"href":"https:\/\/onvif.uk\/index.php\/wp-json\/wp\/v2\/product"}],"about":[{"href":"https:\/\/onvif.uk\/index.php\/wp-json\/wp\/v2\/types\/product"}],"replies":[{"embeddable":true,"href":"https:\/\/onvif.uk\/index.php\/wp-json\/wp\/v2\/comments?post=348"}],"wp:featuredmedia":[{"embeddable":true,"href":"https:\/\/onvif.uk\/index.php\/wp-json\/wp\/v2\/media\/395"}],"wp:attachment":[{"href":"https:\/\/onvif.uk\/index.php\/wp-json\/wp\/v2\/media?parent=348"}],"wp:term":[{"taxonomy":"product_cat","embeddable":true,"href":"https:\/\/onvif.uk\/index.php\/wp-json\/wp\/v2\/product_cat?post=348"},{"taxonomy":"product_tag","embeddable":true,"href":"https:\/\/onvif.uk\/index.php\/wp-json\/wp\/v2\/product_tag?post=348"}],"curies":[{"name":"wp","href":"https:\/\/api.w.org\/{rel}","templated":true}]}}